{"id":133,"date":"2026-02-05T14:59:04","date_gmt":"2026-02-05T14:59:04","guid":{"rendered":"https:\/\/grupobahel.com\/?page_id=133"},"modified":"2026-02-05T20:16:46","modified_gmt":"2026-02-05T20:16:46","slug":"por-que-elegirnos","status":"publish","type":"page","link":"https:\/\/grupobahel.com\/index.php\/por-que-elegirnos\/","title":{"rendered":"\u00bfPOR QU\u00c9 ELEGIRNOS?"},"content":{"rendered":"\n<h3 class=\"wp-block-heading\"><strong><mark style=\"background-color:rgba(0, 0, 0, 0)\" class=\"has-inline-color has-ast-global-color-8-color\">\u00bfPOR QU\u00c9 ELEGIRNOS?<\/mark><\/strong><\/h3>\n\n\n\n<p><mark style=\"background-color:rgba(0, 0, 0, 0)\" class=\"has-inline-color has-ast-global-color-8-color\">En <strong>Grupo Bahel Operador Log\u00edstico<\/strong> trabajamos para que tus operaciones de comercio exterior sean <strong>simples, seguras y eficientes<\/strong>. Nos comprometemos con cada cliente como si fuera parte de nuestro propio equipo.<\/mark><\/p>\n\n\n\n<h3 class=\"wp-block-heading\"><strong><mark style=\"background-color:rgba(0, 0, 0, 0)\" class=\"has-inline-color has-ast-global-color-0-color\">\u2705 Experiencia en comercio exterior<\/mark><\/strong><\/h3>\n\n\n\n<p><mark style=\"background-color:rgba(0, 0, 0, 0)\" class=\"has-inline-color has-ast-global-color-8-color\">Contamos con conocimiento y experiencia en importaciones y exportaciones, garantizando procesos ordenados y sin errores.<\/mark><\/p>\n\n\n\n<h3 class=\"wp-block-heading\"><mark style=\"background-color:rgba(0, 0, 0, 0)\" class=\"has-inline-color has-ast-global-color-0-color\">\u2705 Asesor\u00eda personalizada<\/mark><\/h3>\n\n\n\n<p><mark style=\"background-color:rgba(0, 0, 0, 0)\" class=\"has-inline-color has-ast-global-color-8-color\">Analizamos cada operaci\u00f3n de manera individual para ofrecerte la mejor soluci\u00f3n log\u00edstica seg\u00fan tus necesidades.<\/mark><\/p>\n\n\n\n<h3 class=\"wp-block-heading\"><mark style=\"background-color:rgba(0, 0, 0, 0)\" class=\"has-inline-color has-ast-global-color-0-color\">\u2705 Cumplimiento normativo<\/mark><\/h3>\n\n\n\n<p><mark style=\"background-color:rgba(0, 0, 0, 0)\" class=\"has-inline-color has-ast-global-color-8-color\">Trabajamos conforme a la normativa aduanera vigente, evitando retrasos, multas o inconvenientes legales.<\/mark><\/p>\n\n\n\n<h3 class=\"wp-block-heading\"><mark style=\"background-color:rgba(0, 0, 0, 0)\" class=\"has-inline-color has-ast-global-color-0-color\">\u2705 Seguridad y confianza<\/mark><\/h3>\n\n\n\n<p><mark style=\"background-color:rgba(0, 0, 0, 0)\" class=\"has-inline-color has-ast-global-color-8-color\">Protegemos tu carga en cada etapa del proceso, brind\u00e1ndote tranquilidad y respaldo total.<\/mark><\/p>\n\n\n\n<h3 class=\"wp-block-heading\"><mark style=\"background-color:rgba(0, 0, 0, 0)\" class=\"has-inline-color has-ast-global-color-0-color\">\u2705 Atenci\u00f3n r\u00e1pida y cercana<\/mark><\/h3>\n\n\n\n<p><mark style=\"background-color:rgba(0, 0, 0, 0)\" class=\"has-inline-color has-ast-global-color-8-color\">Estamos disponibles para acompa\u00f1arte antes, durante y despu\u00e9s de cada operaci\u00f3n<\/mark><\/p>\n\n\n\n<p data-wp-context---core-fit-text=\"core\/fit-text::{&quot;fontSize&quot;:&quot;&quot;}\" data-wp-init---core-fit-text=\"core\/fit-text::callbacks.init\" data-wp-interactive data-wp-style--font-size=\"core\/fit-text::context.fontSize\" class=\"has-text-align-center has-fit-text\"><strong><mark style=\"background-color:rgba(0, 0, 0, 0)\" class=\"has-inline-color has-ast-global-color-0-color\">Conf\u00eda en nosotros y deja tu log\u00edstica en manos expertas.<\/mark><\/strong><\/p>\n\n\n\n<div class=\"wp-block-buttons is-content-justification-center is-layout-flex wp-container-core-buttons-is-layout-a89b3969 wp-block-buttons-is-layout-flex\">\n<div class=\"wp-block-button\"><a class=\"wp-block-button__link has-text-align-center wp-element-button\" href=\"https:\/\/web.whatsapp.com\/\">\ud83d\udc49 <strong>Cont\u00e1ctanos<\/strong><\/a><\/div>\n<\/div>\n\n\n\n<p><\/p>\n","protected":false},"excerpt":{"rendered":"<p>\u00bfPOR QU\u00c9 ELEGIRNOS? En Grupo Bahel Operador Log\u00edstico trabajamos para que tus operaciones de comercio exterior sean simples, seguras y [&hellip;]<\/p>\n","protected":false},"author":1,"featured_media":0,"parent":0,"menu_order":0,"comment_status":"closed","ping_status":"closed","template":"","meta":{"site-sidebar-layout":"default","site-content-layout":"","ast-site-content-layout":"default","site-content-style":"default","site-sidebar-style":"default","ast-global-header-display":"disabled","ast-banner-title-visibility":"","ast-main-header-display":"","ast-hfb-above-header-display":"","ast-hfb-below-header-display":"","ast-hfb-mobile-header-display":"","site-post-title":"disabled","ast-breadcrumbs-content":"","ast-featured-img":"","footer-sml-layout":"","ast-disable-related-posts":"","theme-transparent-header-meta":"","adv-header-id-meta":"","stick-header-meta":"","header-above-stick-meta":"","header-main-stick-meta":"","header-below-stick-meta":"","astra-migrate-meta-layouts":"default","ast-page-background-enabled":"default","ast-page-background-meta":{"desktop":{"background-color":"var(--ast-global-color-5)","background-image":"","background-repeat":"repeat","background-position":"center center","background-size":"auto","background-attachment":"scroll","background-type":"","background-media":"","overlay-type":"","overlay-color":"","overlay-opacity":"","overlay-gradient":""},"tablet":{"background-color":"","background-image":"","background-repeat":"repeat","background-position":"center center","background-size":"auto","background-attachment":"scroll","background-type":"","background-media":"","overlay-type":"","overlay-color":"","overlay-opacity":"","overlay-gradient":""},"mobile":{"background-color":"","background-image":"","background-repeat":"repeat","background-position":"center center","background-size":"auto","background-attachment":"scroll","background-type":"","background-media":"","overlay-type":"","overlay-color":"","overlay-opacity":"","overlay-gradient":""}},"ast-content-background-meta":{"desktop":{"background-color":"var(--ast-global-color-4)","background-image":"","background-repeat":"repeat","background-position":"center center","background-size":"auto","background-attachment":"scroll","background-type":"","background-media":"","overlay-type":"","overlay-color":"","overlay-opacity":"","overlay-gradient":""},"tablet":{"background-color":"var(--ast-global-color-4)","background-image":"","background-repeat":"repeat","background-position":"center center","background-size":"auto","background-attachment":"scroll","background-type":"","background-media":"","overlay-type":"","overlay-color":"","overlay-opacity":"","overlay-gradient":""},"mobile":{"background-color":"var(--ast-global-color-4)","background-image":"","background-repeat":"repeat","background-position":"center center","background-size":"auto","background-attachment":"scroll","background-type":"","background-media":"","overlay-type":"","overlay-color":"","overlay-opacity":"","overlay-gradient":""}},"footnotes":""},"class_list":["post-133","page","type-page","status-publish","hentry"],"yoast_head":"<!-- This site is optimized with the Yoast SEO plugin v26.7 - https:\/\/yoast.com\/wordpress\/plugins\/seo\/ -->\n<title>\u00bfPOR QU\u00c9 ELEGIRNOS? - Grupo Bahel Operador Log\u00edstico<\/title>\n<meta name=\"robots\" content=\"index, follow, max-snippet:-1, max-image-preview:large, max-video-preview:-1\" \/>\n<link rel=\"canonical\" href=\"https:\/\/grupobahel.com\/index.php\/por-que-elegirnos\/\" \/>\n<meta property=\"og:locale\" content=\"es_ES\" \/>\n<meta property=\"og:type\" content=\"article\" \/>\n<meta property=\"og:title\" content=\"\u00bfPOR QU\u00c9 ELEGIRNOS? - Grupo Bahel Operador Log\u00edstico\" \/>\n<meta property=\"og:description\" content=\"\u00bfPOR QU\u00c9 ELEGIRNOS? En Grupo Bahel Operador Log\u00edstico trabajamos para que tus operaciones de comercio exterior sean simples, seguras y [&hellip;]\" \/>\n<meta property=\"og:url\" content=\"https:\/\/grupobahel.com\/index.php\/por-que-elegirnos\/\" \/>\n<meta property=\"og:site_name\" content=\"Grupo Bahel Operador Log\u00edstico\" \/>\n<meta property=\"article:modified_time\" content=\"2026-02-05T20:16:46+00:00\" \/>\n<meta name=\"twitter:card\" content=\"summary_large_image\" \/>\n<meta name=\"twitter:label1\" content=\"Tiempo de lectura\" \/>\n\t<meta name=\"twitter:data1\" content=\"1 minuto\" \/>\n<script type=\"application\/ld+json\" class=\"yoast-schema-graph\">{\"@context\":\"https:\/\/schema.org\",\"@graph\":[{\"@type\":\"WebPage\",\"@id\":\"https:\/\/grupobahel.com\/index.php\/por-que-elegirnos\/\",\"url\":\"https:\/\/grupobahel.com\/index.php\/por-que-elegirnos\/\",\"name\":\"\u00bfPOR QU\u00c9 ELEGIRNOS? - Grupo Bahel Operador Log\u00edstico\",\"isPartOf\":{\"@id\":\"https:\/\/grupobahel.com\/#website\"},\"datePublished\":\"2026-02-05T14:59:04+00:00\",\"dateModified\":\"2026-02-05T20:16:46+00:00\",\"breadcrumb\":{\"@id\":\"https:\/\/grupobahel.com\/index.php\/por-que-elegirnos\/#breadcrumb\"},\"inLanguage\":\"es\",\"potentialAction\":[{\"@type\":\"ReadAction\",\"target\":[\"https:\/\/grupobahel.com\/index.php\/por-que-elegirnos\/\"]}]},{\"@type\":\"BreadcrumbList\",\"@id\":\"https:\/\/grupobahel.com\/index.php\/por-que-elegirnos\/#breadcrumb\",\"itemListElement\":[{\"@type\":\"ListItem\",\"position\":1,\"name\":\"Portada\",\"item\":\"https:\/\/grupobahel.com\/\"},{\"@type\":\"ListItem\",\"position\":2,\"name\":\"\u00bfPOR QU\u00c9 ELEGIRNOS?\"}]},{\"@type\":\"WebSite\",\"@id\":\"https:\/\/grupobahel.com\/#website\",\"url\":\"https:\/\/grupobahel.com\/\",\"name\":\"Grupo Bahel Operador Log\u00edstico\",\"description\":\"\",\"potentialAction\":[{\"@type\":\"SearchAction\",\"target\":{\"@type\":\"EntryPoint\",\"urlTemplate\":\"https:\/\/grupobahel.com\/?s={search_term_string}\"},\"query-input\":{\"@type\":\"PropertyValueSpecification\",\"valueRequired\":true,\"valueName\":\"search_term_string\"}}],\"inLanguage\":\"es\"}]}<\/script>\n<!-- \/ Yoast SEO plugin. -->","yoast_head_json":{"title":"\u00bfPOR QU\u00c9 ELEGIRNOS? - Grupo Bahel Operador Log\u00edstico","robots":{"index":"index","follow":"follow","max-snippet":"max-snippet:-1","max-image-preview":"max-image-preview:large","max-video-preview":"max-video-preview:-1"},"canonical":"https:\/\/grupobahel.com\/index.php\/por-que-elegirnos\/","og_locale":"es_ES","og_type":"article","og_title":"\u00bfPOR QU\u00c9 ELEGIRNOS? - Grupo Bahel Operador Log\u00edstico","og_description":"\u00bfPOR QU\u00c9 ELEGIRNOS? En Grupo Bahel Operador Log\u00edstico trabajamos para que tus operaciones de comercio exterior sean simples, seguras y [&hellip;]","og_url":"https:\/\/grupobahel.com\/index.php\/por-que-elegirnos\/","og_site_name":"Grupo Bahel Operador Log\u00edstico","article_modified_time":"2026-02-05T20:16:46+00:00","twitter_card":"summary_large_image","twitter_misc":{"Tiempo de lectura":"1 minuto"},"schema":{"@context":"https:\/\/schema.org","@graph":[{"@type":"WebPage","@id":"https:\/\/grupobahel.com\/index.php\/por-que-elegirnos\/","url":"https:\/\/grupobahel.com\/index.php\/por-que-elegirnos\/","name":"\u00bfPOR QU\u00c9 ELEGIRNOS? - Grupo Bahel Operador Log\u00edstico","isPartOf":{"@id":"https:\/\/grupobahel.com\/#website"},"datePublished":"2026-02-05T14:59:04+00:00","dateModified":"2026-02-05T20:16:46+00:00","breadcrumb":{"@id":"https:\/\/grupobahel.com\/index.php\/por-que-elegirnos\/#breadcrumb"},"inLanguage":"es","potentialAction":[{"@type":"ReadAction","target":["https:\/\/grupobahel.com\/index.php\/por-que-elegirnos\/"]}]},{"@type":"BreadcrumbList","@id":"https:\/\/grupobahel.com\/index.php\/por-que-elegirnos\/#breadcrumb","itemListElement":[{"@type":"ListItem","position":1,"name":"Portada","item":"https:\/\/grupobahel.com\/"},{"@type":"ListItem","position":2,"name":"\u00bfPOR QU\u00c9 ELEGIRNOS?"}]},{"@type":"WebSite","@id":"https:\/\/grupobahel.com\/#website","url":"https:\/\/grupobahel.com\/","name":"Grupo Bahel Operador Log\u00edstico","description":"","potentialAction":[{"@type":"SearchAction","target":{"@type":"EntryPoint","urlTemplate":"https:\/\/grupobahel.com\/?s={search_term_string}"},"query-input":{"@type":"PropertyValueSpecification","valueRequired":true,"valueName":"search_term_string"}}],"inLanguage":"es"}]}},"_links":{"self":[{"href":"https:\/\/grupobahel.com\/index.php\/wp-json\/wp\/v2\/pages\/133","targetHints":{"allow":["GET"]}}],"collection":[{"href":"https:\/\/grupobahel.com\/index.php\/wp-json\/wp\/v2\/pages"}],"about":[{"href":"https:\/\/grupobahel.com\/index.php\/wp-json\/wp\/v2\/types\/page"}],"author":[{"embeddable":true,"href":"https:\/\/grupobahel.com\/index.php\/wp-json\/wp\/v2\/users\/1"}],"replies":[{"embeddable":true,"href":"https:\/\/grupobahel.com\/index.php\/wp-json\/wp\/v2\/comments?post=133"}],"version-history":[{"count":2,"href":"https:\/\/grupobahel.com\/index.php\/wp-json\/wp\/v2\/pages\/133\/revisions"}],"predecessor-version":[{"id":163,"href":"https:\/\/grupobahel.com\/index.php\/wp-json\/wp\/v2\/pages\/133\/revisions\/163"}],"wp:attachment":[{"href":"https:\/\/grupobahel.com\/index.php\/wp-json\/wp\/v2\/media?parent=133"}],"curies":[{"name":"wp","href":"https:\/\/api.w.org\/{rel}","templated":true}]}}